{"id":2968,"date":"2019-11-28T08:44:28","date_gmt":"2019-11-28T07:44:28","guid":{"rendered":"http:\/\/serwer1807599.home.pl\/autoinstalator\/wordpress\/?page_id=2968"},"modified":"2023-12-10T13:19:53","modified_gmt":"2023-12-10T12:19:53","slug":"szczoteczka-soniczna-acteh","status":"publish","type":"page","link":"https:\/\/movafilm.com\/pl\/portfolio\/szczoteczka-soniczna-acteh\/","title":{"rendered":"Jak dzia\u0142a szczoteczka soniczna Acteh"},"content":{"rendered":"<p><div class=\"section section-white section-2\"  id=\"tworzymy_filmy\">\n\t\n\t\n\t\t\n\t\t\n\t\t\n\t\t\t\t<div class=\" container-middle\">\n\t\t\t\t\t<div class=\"container align-center\">\n\n\t\t\t\t\n\t\t\t\t\t<div class=\"row\">\n\t\n<div class=\" col-xs-12 col-sm-12\">\n\t\n\t<div class=\"fw-divider-space\" style=\"padding-top: 30px;\"><\/div>\n\n<div class=\"content-box halign-left valign-center\">\n\t\n\t\t\t<h3 class=\"content-box__title\" style=\"color:#073763;\">JETWAVE SONIC TOOTHBRUSH, CZYLI JAK DZIA\u0141A SZCZOTECZKA SONICZNA<\/h3>\n\t\n\t\t<div class=\"content-box__text darkgray\"><p>JAK DZIA\u0141A SZCZOTECZKA SONICZNA, WYJA\u015aNILI\u015aMY POKR\u00d3TCE W REALIZACJI DLA MARKI ACTEH<\/p><\/div>\n\t\n\t\t\t\n\n<a href=\"#\" target=\"_blank\" class=\"btn-a\" >\n\t\t\t\t\t\t\tGet It<\/a>\n\t<\/div>\n\t<iframe loading=\"lazy\" width=\"840\" height=\"475\" src=\"https:\/\/www.youtube.com\/embed\/yj0qj8X3KJQ\" title=\"YouTube video player\" frameborder=\"0\" allow=\"accelerometer; autoplay; clipboard-write; encrypted-media; gyroscope; picture-in-picture; web-share\" allowfullscreen><\/iframe><\/div><\/div>\n\n\n\t\t\t\t\t\n\t\t\t<\/div>\n\t\t\t\t<\/div>\n\t\t\t\t\n\t<\/div>\n<div class=\"section section-white section-2\"  id=\"tworcy\" style=\"background-image:url(http:\/\/serwer1807599.home.pl\/autoinstalator\/wordpress\/wp-content\/uploads\/2019\/11\/tlo.jpg);background-size:contain;background-repeat:no-repeat;\">\n\t\n\t\n\t\t\n\t\t\n\t\t\n\t\t\t\t\t<div class=\"container align-left\">\n\n\t\t\t\t\n\t\t\t\t\t<div class=\"row\">\n\t\n<div class=\" col-xs-12 col-sm-12\">\n\t\t<div class=\"fw-divider-line\"><hr\/><\/div>\n\n<p class=\"mb-50 title-small\">\u00a0 Najpierw warto wspomnie\u0107, \u017ce Acteh jest producentem wysokiej jako\u015bci szczoteczek sonicznych. Je\u015bli chodzi o nasze zadanie, by\u0142o nim stworzenie<\/span>\u00a0<a href=\"https:\/\/youtu.be\/yj0qj8X3KJQ\" target=\"_blank\" rel=\"noopener\">filmu<\/a> produktowego. Dzi\u0119ki temu chcieli\u015bmy pokaza\u0107 ca\u0142e spektrum funkcjonalno\u015bci tego \u015bwietnego produktu. Wiemy jednak, \u017ce dla niekt\u00f3rych os\u00f3b wa\u017cna jest wiedza, jak funkcjonuje produkt. Dlatego dodatkowo chcieli\u015bmy te\u017c wyja\u015bni\u0107, jak dzia\u0142a szczoteczka soniczna.<\/p><p class=\"mb-50 title-small\">To bez w\u0105tpienia produkt warty polecenia. Aby przedstawi\u0107 wszystkie zalety produktu, zaprezentowali\u015bmy je w formie wizualnej. W tym przypadku koncepcj\u0119 stworzy\u0142 nasz dyrektor artystyczny - Artur Tamio\u0142a. Cz\u0119\u015b\u0107 animacji zosta\u0142a wykonana w Cinema 4D, 3D Studio Max, a tak\u017ce PhoenixFD. Je\u015bli ciekawi Was zasada dzia\u0142ania takiej szczoteczki, tu znajdziecie przyst\u0119pne wyja\u015bnienie. Podsumowuj\u0105c, zach\u0119camy do obejrzenia spotu. <\/p><p>Je\u015bli chcesz obejrze\u0107 inne nasze realizacje, zajrzyj do <a href=\"https:\/\/movafilm.com\/portfolio\/\" target=\"_blank\" rel=\"noopener\">portfolio<\/a>.<\/p><\/div>\n<div class=\" col-xs-12 col-sm-3 fx\" data-animation-name=\"fadeInUp\" data-animation-duration=\"0.6s\" data-animation-delay=\"0.2s\" data-animation-visible-percent=\"10\">\n\t<div class=\"features-1\">\n\t<div class=\"features-item\">\n\t\t<div class=\"row\">\n\t\t\t\t\t\t<div class=\"col-xs-8 col-sm-8\">\n\t\t\t\t\t\t\t\t<h5 class=\"features-item__title\">Koncepcja \/ Scenariusz<\/h5>\n\t\t\t\t\t\t\t\t\t\t\t\t<div class=\"features-item__text\"><p>Mateusz Jemio\u0142<\/p><\/div>\n\t\t\t\t\t\t\t\t\t\t\t<\/div>\n\t\t<\/div>\n\t<\/div>\n<\/div>\n\n\n<div class=\"features-1\">\n\t<div class=\"features-item\">\n\t\t<div class=\"row\">\n\t\t\t\t\t\t<div class=\"col-xs-8 col-sm-8\">\n\t\t\t\t\t\t\t\t<h5 class=\"features-item__title\">Drugi Re\u017cyser<\/h5>\n\t\t\t\t\t\t\t\t\t\t\t\t<div class=\"features-item__text\"><p>Mayo Kucharski<\/p><\/div>\n\t\t\t\t\t\t\t\t\t\t\t<\/div>\n\t\t<\/div>\n\t<\/div>\n<\/div>\n\n\n<div class=\"features-1\">\n\t<div class=\"features-item\">\n\t\t<div class=\"row\">\n\t\t\t\t\t\t<div class=\"col-xs-8 col-sm-8\">\n\t\t\t\t\t\t\t\t<h5 class=\"features-item__title\">Digital Compositing<\/h5>\n\t\t\t\t\t\t\t\t\t\t\t\t<div class=\"features-item__text\"><p>Mateusz Klamrowski<\/p><\/div>\n\t\t\t\t\t\t\t\t\t\t\t<\/div>\n\t\t<\/div>\n\t<\/div>\n<\/div>\n\n\n<div class=\"features-1\">\n\t<div class=\"features-item\">\n\t\t<div class=\"row\">\n\t\t\t\t\t\t<div class=\"col-xs-8 col-sm-8\">\n\t\t\t\t\t\t\t\t<h5 class=\"features-item__title\">Korekcja Koloru<\/h5>\n\t\t\t\t\t\t\t\t\t\t\t\t<div class=\"features-item__text\"><p>Artur Tamio\u0142a<\/p><\/div>\n\t\t\t\t\t\t\t\t\t\t\t<\/div>\n\t\t<\/div>\n\t<\/div>\n<\/div>\n\n\n<\/div>\n<div class=\" col-xs-12 col-sm-3 fx\" data-animation-name=\"fadeInUp\" data-animation-duration=\"0.6s\" data-animation-delay=\"0.4s\" data-animation-visible-percent=\"10\">\n\t<div class=\"features-1\">\n\t<div class=\"features-item\">\n\t\t<div class=\"row\">\n\t\t\t\t\t\t<div class=\"col-xs-8 col-sm-8\">\n\t\t\t\t\t\t\t\t<h5 class=\"features-item__title\">Re\u017cyser<\/h5>\n\t\t\t\t\t\t\t\t\t\t\t\t<div class=\"features-item__text\"><p>Mateusz Jemio\u0142<\/p><\/div>\n\t\t\t\t\t\t\t\t\t\t\t<\/div>\n\t\t<\/div>\n\t<\/div>\n<\/div>\n\n\n<div class=\"features-1\">\n\t<div class=\"features-item\">\n\t\t<div class=\"row\">\n\t\t\t\t\t\t<div class=\"col-xs-8 col-sm-8\">\n\t\t\t\t\t\t\t\t<h5 class=\"features-item__title\">Dyrektor Artystyczny<\/h5>\n\t\t\t\t\t\t\t\t\t\t\t\t<div class=\"features-item__text\"><p>Artur Tamio\u0142a<\/p><\/div>\n\t\t\t\t\t\t\t\t\t\t\t<\/div>\n\t\t<\/div>\n\t<\/div>\n<\/div>\n\n\n<div class=\"features-1\">\n\t<div class=\"features-item\">\n\t\t<div class=\"row\">\n\t\t\t\t\t\t<div class=\"col-xs-8 col-sm-8\">\n\t\t\t\t\t\t\t\t<h5 class=\"features-item__title\">D\u017awi\u0119k<\/h5>\n\t\t\t\t\t\t\t\t\t\t\t\t<div class=\"features-item__text\"><p>Piotr Pastuszak<\/p><\/div>\n\t\t\t\t\t\t\t\t\t\t\t<\/div>\n\t\t<\/div>\n\t<\/div>\n<\/div>\n\n\n<div class=\"features-1\">\n\t<div class=\"features-item\">\n\t\t<div class=\"row\">\n\t\t\t\t\t\t<div class=\"col-xs-8 col-sm-8\">\n\t\t\t\t\t\t\t\t<h5 class=\"features-item__title\">Design<\/h5>\n\t\t\t\t\t\t\t\t\t\t\t\t<div class=\"features-item__text\"><p>Artur Tamio\u0142a<\/p><\/div>\n\t\t\t\t\t\t\t\t\t\t\t<\/div>\n\t\t<\/div>\n\t<\/div>\n<\/div>\n\n\n<div class=\"features-1\">\n\t<div class=\"features-item\">\n\t\t<div class=\"row\">\n\t\t\t\t\t\t<div class=\"col-xs-8 col-sm-8\">\n\t\t\t\t\t\t\t\t<h5 class=\"features-item__title\">Motion Design<\/h5>\n\t\t\t\t\t\t\t\t\t\t\t\t<div class=\"features-item__text\"><p>Artur Tamio\u0142a<\/p><p>Mateusz Klamrowski<\/p><\/div>\n\t\t\t\t\t\t\t\t\t\t\t<\/div>\n\t\t<\/div>\n\t<\/div>\n<\/div>\n\n\n<\/div>\n<div class=\" col-xs-12 col-sm-3 fx\" data-animation-name=\"fadeInUp\" data-animation-duration=\"0.6s\" data-animation-delay=\"0.6s\" data-animation-visible-percent=\"10\">\n\t<div class=\"features-1\">\n\t<div class=\"features-item\">\n\t\t<div class=\"row\">\n\t\t\t\t\t\t<div class=\"col-xs-8 col-sm-8\">\n\t\t\t\t\t\t\t\t<h5 class=\"features-item__title\">Kierownik Produkcji<\/h5>\n\t\t\t\t\t\t\t\t\t\t\t\t<div class=\"features-item__text\"><p>Micha\u0142 Schulz<\/p><\/div>\n\t\t\t\t\t\t\t\t\t\t\t<\/div>\n\t\t<\/div>\n\t<\/div>\n<\/div>\n\n\n<div class=\"features-1\">\n\t<div class=\"features-item\">\n\t\t<div class=\"row\">\n\t\t\t\t\t\t<div class=\"col-xs-8 col-sm-8\">\n\t\t\t\t\t\t\t\t<h5 class=\"features-item__title\">Mistrz O\u015bwietlenia<\/h5>\n\t\t\t\t\t\t\t\t\t\t\t\t<div class=\"features-item__text\"><p>Tomasz Specja\u0142<\/p><\/div>\n\t\t\t\t\t\t\t\t\t\t\t<\/div>\n\t\t<\/div>\n\t<\/div>\n<\/div>\n\n\n<div class=\"features-1\">\n\t<div class=\"features-item\">\n\t\t<div class=\"row\">\n\t\t\t\t\t\t<div class=\"col-xs-8 col-sm-8\">\n\t\t\t\t\t\t\t\t<h5 class=\"features-item__title\">Ud\u017awi\u0119kowienie<\/h5>\n\t\t\t\t\t\t\t\t\t\t\t\t<div class=\"features-item__text\"><p>Mayo Kucharski<\/p><\/div>\n\t\t\t\t\t\t\t\t\t\t\t<\/div>\n\t\t<\/div>\n\t<\/div>\n<\/div>\n\n\n<div class=\"features-1\">\n\t<div class=\"features-item\">\n\t\t<div class=\"row\">\n\t\t\t\t\t\t<div class=\"col-xs-8 col-sm-8\">\n\t\t\t\t\t\t\t\t<h5 class=\"features-item__title\">Animacja<\/h5>\n\t\t\t\t\t\t\t\t\t\t\t\t<div class=\"features-item__text\"><p>Artur Tamio\u0142a<\/p><p>Mateusz Klamrowski<\/p><\/div>\n\t\t\t\t\t\t\t\t\t\t\t<\/div>\n\t\t<\/div>\n\t<\/div>\n<\/div>\n\n\n<div class=\"features-1\">\n\t<div class=\"features-item\">\n\t\t<div class=\"row\">\n\t\t\t\t\t\t<div class=\"col-xs-8 col-sm-8\">\n\t\t\t\t\t\t\t\t<h5 class=\"features-item__title\">Obsada<\/h5>\n\t\t\t\t\t\t\t\t\t\t\t\t<div class=\"features-item__text\"><p>Marta Jaoko<\/p><\/div>\n\t\t\t\t\t\t\t\t\t\t\t<\/div>\n\t\t<\/div>\n\t<\/div>\n<\/div>\n\n\n<\/div>\n<div class=\" col-xs-12 col-sm-3 fx\" data-animation-name=\"fadeInUp\" data-animation-duration=\"0.6s\" data-animation-delay=\"0.8s\" data-animation-visible-percent=\"10\">\n\t<div class=\"features-1\">\n\t<div class=\"features-item\">\n\t\t<div class=\"row\">\n\t\t\t\t\t\t<div class=\"col-xs-8 col-sm-8\">\n\t\t\t\t\t\t\t\t<h5 class=\"features-item__title\">Operator Kamery<\/h5>\n\t\t\t\t\t\t\t\t\t\t\t\t<div class=\"features-item__text\"><p>Tomasz Zasada<\/p><\/div>\n\t\t\t\t\t\t\t\t\t\t\t<\/div>\n\t\t<\/div>\n\t<\/div>\n<\/div>\n\n\n<div class=\"features-1\">\n\t<div class=\"features-item\">\n\t\t<div class=\"row\">\n\t\t\t\t\t\t<div class=\"col-xs-8 col-sm-8\">\n\t\t\t\t\t\t\t\t<h5 class=\"features-item__title\">Monta\u017c<\/h5>\n\t\t\t\t\t\t\t\t\t\t\t\t<div class=\"features-item__text\"><p>Mateusz Jemio\u0142<\/p><\/div>\n\t\t\t\t\t\t\t\t\t\t\t<\/div>\n\t\t<\/div>\n\t<\/div>\n<\/div>\n\n\n<div class=\"features-1\">\n\t<div class=\"features-item\">\n\t\t<div class=\"row\">\n\t\t\t\t\t\t<div class=\"col-xs-8 col-sm-8\">\n\t\t\t\t\t\t\t\t<h5 class=\"features-item__title\">Charakteryzacja i Kostiumy<\/h5>\n\t\t\t\t\t\t\t\t\t\t\t\t<div class=\"features-item__text\"><p>Mariola Smoli\u0144ska<\/p><\/div>\n\t\t\t\t\t\t\t\t\t\t\t<\/div>\n\t\t<\/div>\n\t<\/div>\n<\/div>\n\n\n<div class=\"features-1\">\n\t<div class=\"features-item\">\n\t\t<div class=\"row\">\n\t\t\t\t\t\t<div class=\"col-xs-8 col-sm-8\">\n\t\t\t\t\t\t\t\t<h5 class=\"features-item__title\">Scenografia<\/h5>\n\t\t\t\t\t\t\t\t\t\t\t\t<div class=\"features-item__text\"><p>Aleksandra Ciapka<\/p><\/div>\n\t\t\t\t\t\t\t\t\t\t\t<\/div>\n\t\t<\/div>\n\t<\/div>\n<\/div>\n\n\n<\/div><\/div>\n\n\n\t\t\t\t\t\n\t\t\t<\/div>\n\t\t\t\t\n\t<\/div>\n<div class=\"section section-lightgray section-2\"  style=\"background-image:url(http:\/\/movafilm.com\/wp-content\/uploads\/2019\/11\/tlo2.jpg);background-size:cover;background-repeat:no-repeat;\">\n\t\n\t\n\t\t\n\t\t\n\t\t\n\t\t\t\t<div class=\" container-middle\">\n\t\t\t\t\t<div class=\"container align-center\">\n\n\t\t\t\t\n\t\t\t\t\t<div class=\"row\">\n\t\n<div class=\" col-xs-12 col-sm-6 equal-cols\">\n\t\n<div class=\"content-box halign-center valign-center\">\n\t\n\t\t\t<h3 class=\"content-box__title theme-color\">Jeste\u015b ciekaw, ile&nbsp;kosztuje&nbsp;taki&nbsp;film?<\/h3>\n\t\n\t\n\t<\/div><\/div>\n<div class=\" col-xs-12 col-sm-6\">\n\t<div class=\"form-wrapper fw-contact-form contact-form\">\n\t<form data-fw-form-id=\"fw_form\" method=\"post\" action=\"https:\/\/movafilm.com\/pl\/wp-json\/wp\/v2\/pages\/2968\" class=\"fw_form_fw_form\" data-fw-ext-forms-type=\"contact-forms\"  ><input type=\"hidden\" name=\"fwf\" value=\"fw_form\" \/><input type=\"hidden\" id=\"_nonce_2fb406931cd5ce8e9ef8e350fe36c070\" name=\"_nonce_2fb406931cd5ce8e9ef8e350fe36c070\" value=\"5a3c47a179\" \/><input type=\"hidden\" name=\"_wp_http_referer\" value=\"\/pl\/wp-json\/wp\/v2\/pages\/2968\" \/><input type=\"hidden\" name=\"fw_ext_forms_form_type\" value=\"contact-forms\" \/><input type=\"hidden\" name=\"fw_ext_forms_form_id\" value=\"a0d8531f4a1796ae8efd95bd48ad2d9d\" \/><div class=\"wrap-forms\">\n\t<div class=\"row\"><div class=\"col-xs-12 col-sm-12 form-builder-item form-builder-item\">\n\t<div class=\"contact-info__title\">\n\t\t<h2>Zostaw nam sw\u00f3j adres e-mail<\/h2>\n\t\t\t\t\t<p>A my z pewno\u015bci\u0105 skontaktujemy si\u0119 z Tob\u0105. \ud83d\ude42<\/p>\n\t\t\t<\/div>\n<\/div><\/div><div class=\"row\"><div class=\"col-xs-12 col-sm-6 form-builder-item\">\n\t<div class=\"field-text\">\n\t\t\t\t<label for=\"id-1\">E-mail\t\t\t<sup>*<\/sup>\t\t<\/label>\n\t\t\t\t<input type=\"text\" name=\"email_bbd19ca\" placeholder=\"\" value=\"\" id=\"id-1\" required=\"required\" >\n\t\t\t<\/div>\n<\/div><\/div><\/div><div class=\"row\">\n\t<div class=\"col-xs-12 col-sm-12\">\n\t\t<button class=\"btn-a btn-a_fill_theme\">Wy\u015blij<\/button>\n\t<\/div>\n<\/div><\/form><\/div><\/div><\/div>\n\n\n\t\t\t\t\t\n\t\t\t<\/div>\n\t\t\t\t<\/div>\n\t\t\t\t\n\t<\/div>\n<\/p>\n","protected":false},"excerpt":{"rendered":"<p>JETWAVE SONIC TOOTHBRUSH, CZYLI JAK DZIA\u0141A SZCZOTECZKA SONICZNA JAK DZIA\u0141A SZCZOTECZKA SONICZNA, WYJA\u015aNILI\u015aMY POKR\u00d3TCE W REALIZACJI DLA MARKI ACTEH Get It \u00a0 Najpierw warto wspomnie\u0107, \u017ce Acteh jest producentem wysokiej jako\u015bci szczoteczek sonicznych. Je\u015bli chodzi o nasze zadanie, by\u0142o nim stworzenie\u00a0filmu produktowego. Dzi\u0119ki temu chcieli\u015bmy pokaza\u0107 ca\u0142e spektrum funkcjonalno\u015bci tego \u015bwietnego produktu. Wiemy jednak, \u017ce [&hellip;]<\/p>\n","protected":false},"author":8,"featured_media":4050,"parent":3078,"menu_order":0,"comment_status":"closed","ping_status":"closed","template":"page-simple-no-header.php","meta":{"om_disable_all_campaigns":false,"_monsterinsights_skip_tracking":false,"_monsterinsights_sitenote_active":false,"_monsterinsights_sitenote_note":"","_monsterinsights_sitenote_category":0,"footnotes":""},"aioseo_notices":[],"_links":{"self":[{"href":"https:\/\/movafilm.com\/pl\/wp-json\/wp\/v2\/pages\/2968"}],"collection":[{"href":"https:\/\/movafilm.com\/pl\/wp-json\/wp\/v2\/pages"}],"about":[{"href":"https:\/\/movafilm.com\/pl\/wp-json\/wp\/v2\/types\/page"}],"author":[{"embeddable":true,"href":"https:\/\/movafilm.com\/pl\/wp-json\/wp\/v2\/users\/8"}],"replies":[{"embeddable":true,"href":"https:\/\/movafilm.com\/pl\/wp-json\/wp\/v2\/comments?post=2968"}],"version-history":[{"count":132,"href":"https:\/\/movafilm.com\/pl\/wp-json\/wp\/v2\/pages\/2968\/revisions"}],"predecessor-version":[{"id":6437,"href":"https:\/\/movafilm.com\/pl\/wp-json\/wp\/v2\/pages\/2968\/revisions\/6437"}],"up":[{"embeddable":true,"href":"https:\/\/movafilm.com\/pl\/wp-json\/wp\/v2\/pages\/3078"}],"wp:featuredmedia":[{"embeddable":true,"href":"https:\/\/movafilm.com\/pl\/wp-json\/wp\/v2\/media\/4050"}],"wp:attachment":[{"href":"https:\/\/movafilm.com\/pl\/wp-json\/wp\/v2\/media?parent=2968"}],"curies":[{"name":"wp","href":"https:\/\/api.w.org\/{rel}","templated":true}]}}