{"id":4117,"date":"2020-02-21T14:07:48","date_gmt":"2020-02-21T13:07:48","guid":{"rendered":"http:\/\/serwer1807599.home.pl\/autoinstalator\/wordpress\/?page_id=4117"},"modified":"2023-12-09T20:54:39","modified_gmt":"2023-12-09T19:54:39","slug":"animacja-o-nowych-technologiach-saasmanager","status":"publish","type":"page","link":"https:\/\/movafilm.com\/pl\/portfolio\/animacja-o-nowych-technologiach-saasmanager\/","title":{"rendered":"Animacja o nowych technologiach SaaSmanager"},"content":{"rendered":"<p><div class=\"section section-white section-2\"  id=\"tworzymy_filmy\">\n\t\n\t\n\t\t\n\t\t\n\t\t\n\t\t\t\t<div class=\" container-middle\">\n\t\t\t\t\t<div class=\"container align-center\">\n\n\t\t\t\t\n\t\t\t\t\t<div class=\"row\">\n\t\n<div class=\" col-xs-12 col-sm-12\">\n\t\n\t<div class=\"fw-divider-space\" style=\"padding-top: 30px;\"><\/div>\n\n<div class=\"content-box halign-left valign-center\">\n\t\n\t\t\t<h3 class=\"content-box__title\" style=\"color:#073763;\">SAAS MANAGER<\/h3>\n\t\n\t\t<div class=\"content-box__text darkgray\"><p>Czyli animacja o nowych technologiach dla NEOTERIC<\/p><\/div>\n\t\n\t\t\t\n\n<a href=\"#\" target=\"_blank\" class=\"btn-a\" >\n\t\t\t\t\t\t\tGet It<\/a>\n\t<\/div>\n\t<iframe loading=\"lazy\" width=\"840\" height=\"475\" src=\"https:\/\/www.youtube.com\/embed\/YXQA7ZG1j_c?si=6tjGxBw1l0BEEj0h\" title=\"YouTube video player\" frameborder=\"0\" allow=\"accelerometer; autoplay; clipboard-write; encrypted-media; gyroscope; picture-in-picture; web-share\" allowfullscreen><\/iframe><\/div><\/div>\n\n\n\t\t\t\t\t\n\t\t\t<\/div>\n\t\t\t\t<\/div>\n\t\t\t\t\n\t<\/div>\n<div class=\"section section-white section-2\"  id=\"tworcy\" style=\"background-image:url(http:\/\/serwer1807599.home.pl\/autoinstalator\/wordpress\/wp-content\/uploads\/2019\/11\/tlo.jpg);background-size:contain;background-repeat:no-repeat;\">\n\t\n\t\n\t\t\n\t\t\n\t\t\n\t\t\t\t\t<div class=\"container align-left\">\n\n\t\t\t\t\n\t\t\t\t\t<div class=\"row\">\n\t\n<div class=\" col-xs-12 col-sm-12\">\n\t<p class=\"mb-50 title-small\">W przypadku nowych technologii dobry produkt to nie wszystko. Oczywi\u015bcie jest on najwa\u017cniejszy. Ale o jego rozwoju i dalszym losie decyduje mn\u00f3stwo czynnik\u00f3w. Na przyk\u0142ad takich jak moce przerobowe Twojego zespo\u0142u. A tak\u017ce wydajno\u015b\u0107 sprz\u0119tu czy serwer\u00f3w, z kt\u00f3rych korzystacie. Na szcz\u0119\u015bcie s\u0105 ju\u017c rozwi\u0105zania, kt\u00f3re oferuj\u0105 wsparcie w tym zakresie.<\/p><p class=\"mb-50 title-small\">I o tym w istocie m\u00f3wi zgrabna <a href=\"https:\/\/www.youtube.com\/watch?v=YXQA7ZG1j_c\" target=\"_blank\" rel=\"noopener\">prezentacja<\/a> aplikacji Saas Manager firmy Neoteric. Przedstawia ona w jasny spos\u00f3b, z czym wi\u0105\u017ce si\u0119 proces powstawania produktu technologicznego i jak aplikacja mo\u017ce w tym pom\u00f3c. Obejrzyj, aby zrozumie\u0107 \ud83d\ude42<\/p><p>To nie jedyna nasza animacja o nowych technologiach. Realizowali\u015bmy tak\u017ce inne spoty, kt\u00f3re wyja\u015bnia\u0142y dzia\u0142anie jakiego\u015b produktu lub us\u0142ugi:<\/p><p><a href=\"https:\/\/movafilm.com\/portfolio\/jak-ulatwic-zycie-klientom-hatiroo\/\" target=\"_blank\" rel=\"noopener\">Hatiroo<\/a><\/p><p><a href=\"https:\/\/movafilm.com\/portfolio\/assitech-wzrokowa-komunikacja\/\" target=\"_blank\" rel=\"noopener\">Assitech<\/a><\/p>\t<div class=\"fw-divider-line\"><hr\/><\/div>\n\n<\/div>\n<div class=\" col-xs-12 col-sm-3 fx\" data-animation-name=\"fadeInUp\" data-animation-duration=\"0.6s\" data-animation-delay=\"0.2s\" data-animation-visible-percent=\"10\">\n\t<div class=\"features-1\">\n\t<div class=\"features-item\">\n\t\t<div class=\"row\">\n\t\t\t\t\t\t<div class=\"col-xs-8 col-sm-8\">\n\t\t\t\t\t\t\t\t<h5 class=\"features-item__title\">Koncepcja i scenariusz<\/h5>\n\t\t\t\t\t\t\t\t\t\t\t\t<div class=\"features-item__text\"><p>Mateusz Jemio\u0142<\/p><\/div>\n\t\t\t\t\t\t\t\t\t\t\t<\/div>\n\t\t<\/div>\n\t<\/div>\n<\/div>\n\n\n<div class=\"features-1\">\n\t<div class=\"features-item\">\n\t\t<div class=\"row\">\n\t\t\t\t\t\t<div class=\"col-xs-8 col-sm-8\">\n\t\t\t\t\t\t\t\t<h5 class=\"features-item__title\">Ud\u017awi\u0119kowienie<\/h5>\n\t\t\t\t\t\t\t\t\t\t\t\t<div class=\"features-item__text\"><p>Mateusz Jemio\u0142<\/p><\/div>\n\t\t\t\t\t\t\t\t\t\t\t<\/div>\n\t\t<\/div>\n\t<\/div>\n<\/div>\n\n\n<\/div>\n<div class=\" col-xs-12 col-sm-3 fx\" data-animation-name=\"fadeInUp\" data-animation-duration=\"0.6s\" data-animation-delay=\"0.4s\" data-animation-visible-percent=\"10\">\n\t<div class=\"features-1\">\n\t<div class=\"features-item\">\n\t\t<div class=\"row\">\n\t\t\t\t\t\t<div class=\"col-xs-8 col-sm-8\">\n\t\t\t\t\t\t\t\t<h5 class=\"features-item__title\">Dyrektor Artystyczny<\/h5>\n\t\t\t\t\t\t\t\t\t\t\t\t<div class=\"features-item__text\"><p>Tomasz Zasada<\/p><\/div>\n\t\t\t\t\t\t\t\t\t\t\t<\/div>\n\t\t<\/div>\n\t<\/div>\n<\/div>\n\n\n<\/div>\n<div class=\" col-xs-12 col-sm-3 fx\" data-animation-name=\"fadeInUp\" data-animation-duration=\"0.6s\" data-animation-delay=\"0.6s\" data-animation-visible-percent=\"10\">\n\t<div class=\"features-1\">\n\t<div class=\"features-item\">\n\t\t<div class=\"row\">\n\t\t\t\t\t\t<div class=\"col-xs-8 col-sm-8\">\n\t\t\t\t\t\t\t\t<h5 class=\"features-item__title\">Design<\/h5>\n\t\t\t\t\t\t\t\t\t\t\t\t<div class=\"features-item__text\"><p>Karol Rycio<\/p><\/div>\n\t\t\t\t\t\t\t\t\t\t\t<\/div>\n\t\t<\/div>\n\t<\/div>\n<\/div>\n\n\n<\/div>\n<div class=\" col-xs-12 col-sm-3 fx\" data-animation-name=\"fadeInUp\" data-animation-duration=\"0.6s\" data-animation-delay=\"0.8s\" data-animation-visible-percent=\"10\">\n\t<div class=\"features-1\">\n\t<div class=\"features-item\">\n\t\t<div class=\"row\">\n\t\t\t\t\t\t<div class=\"col-xs-8 col-sm-8\">\n\t\t\t\t\t\t\t\t<h5 class=\"features-item__title\">Animacja<\/h5>\n\t\t\t\t\t\t\t\t\t\t\t\t<div class=\"features-item__text\"><p>Tomasz Zasada<\/p><p>Artur Tamio\u0142a<\/p><\/div>\n\t\t\t\t\t\t\t\t\t\t\t<\/div>\n\t\t<\/div>\n\t<\/div>\n<\/div>\n\n\n<\/div><\/div>\n\n\n\t\t\t\t\t\n\t\t\t<\/div>\n\t\t\t\t\n\t<\/div>\n<div class=\"section section-lightgray section-2\"  style=\"background-image:url(http:\/\/movafilm.com\/wp-content\/uploads\/2019\/11\/tlo2.jpg);background-size:cover;background-repeat:no-repeat;\">\n\t\n\t\n\t\t\n\t\t\n\t\t\n\t\t\t\t<div class=\" container-middle\">\n\t\t\t\t\t<div class=\"container align-center\">\n\n\t\t\t\t\n\t\t\t\t\t<div class=\"row\">\n\t\n<div class=\" col-xs-12 col-sm-6 equal-cols\">\n\t\n<div class=\"content-box halign-center valign-center\">\n\t\n\t\t\t<h3 class=\"content-box__title theme-color\">Jeste\u015b ciekawy, ile&nbsp;kosztuje&nbsp;taki&nbsp;film?<\/h3>\n\t\n\t\n\t<\/div><\/div>\n<div class=\" col-xs-12 col-sm-6\">\n\t<div class=\"form-wrapper fw-contact-form contact-form\">\n\t<form data-fw-form-id=\"fw_form\" method=\"post\" action=\"https:\/\/movafilm.com\/pl\/wp-json\/wp\/v2\/pages\/4117\" class=\"fw_form_fw_form\" data-fw-ext-forms-type=\"contact-forms\"  ><input type=\"hidden\" name=\"fwf\" value=\"fw_form\" \/><input type=\"hidden\" id=\"_nonce_2fb406931cd5ce8e9ef8e350fe36c070\" name=\"_nonce_2fb406931cd5ce8e9ef8e350fe36c070\" value=\"5a3c47a179\" \/><input type=\"hidden\" name=\"_wp_http_referer\" value=\"\/pl\/wp-json\/wp\/v2\/pages\/4117\" \/><input type=\"hidden\" name=\"fw_ext_forms_form_type\" value=\"contact-forms\" \/><input type=\"hidden\" name=\"fw_ext_forms_form_id\" value=\"a0d8531f4a1796ae8efd95bd48ad2d9d\" \/><div class=\"wrap-forms\">\n\t<div class=\"row\"><div class=\"col-xs-12 col-sm-12 form-builder-item form-builder-item\">\n\t<div class=\"contact-info__title\">\n\t\t<h2>Zostaw nam sw\u00f3j adres e-mail<\/h2>\n\t\t\t\t\t<p>a my skontaktujemy si\u0119 z Tob\u0105 \ud83d\ude42<\/p>\n\t\t\t<\/div>\n<\/div><\/div><div class=\"row\"><div class=\"col-xs-12 col-sm-6 form-builder-item\">\n\t<div class=\"field-text\">\n\t\t\t\t<label for=\"id-1\">E-mail\t\t\t<sup>*<\/sup>\t\t<\/label>\n\t\t\t\t<input type=\"text\" name=\"email_bbd19ca\" placeholder=\"\" value=\"\" id=\"id-1\" required=\"required\" >\n\t\t\t<\/div>\n<\/div><\/div><\/div><div class=\"row\">\n\t<div class=\"col-xs-12 col-sm-12\">\n\t\t<button class=\"btn-a btn-a_fill_theme\">Wy\u015blij<\/button>\n\t<\/div>\n<\/div><\/form><\/div><\/div><\/div>\n\n\n\t\t\t\t\t\n\t\t\t<\/div>\n\t\t\t\t<\/div>\n\t\t\t\t\n\t<\/div>\n<\/p>\n","protected":false},"excerpt":{"rendered":"<p>SAAS MANAGER Czyli animacja o nowych technologiach dla NEOTERIC Get It W przypadku nowych technologii dobry produkt to nie wszystko. Oczywi\u015bcie jest on najwa\u017cniejszy. Ale o jego rozwoju i dalszym losie decyduje mn\u00f3stwo czynnik\u00f3w. Na przyk\u0142ad takich jak moce przerobowe Twojego zespo\u0142u. A tak\u017ce wydajno\u015b\u0107 sprz\u0119tu czy serwer\u00f3w, z kt\u00f3rych korzystacie. Na szcz\u0119\u015bcie s\u0105 ju\u017c [&hellip;]<\/p>\n","protected":false},"author":3,"featured_media":4079,"parent":3078,"menu_order":0,"comment_status":"closed","ping_status":"closed","template":"page-simple-no-header.php","meta":{"om_disable_all_campaigns":false,"_monsterinsights_skip_tracking":false,"_monsterinsights_sitenote_active":false,"_monsterinsights_sitenote_note":"","_monsterinsights_sitenote_category":0,"footnotes":""},"aioseo_notices":[],"_links":{"self":[{"href":"https:\/\/movafilm.com\/pl\/wp-json\/wp\/v2\/pages\/4117"}],"collection":[{"href":"https:\/\/movafilm.com\/pl\/wp-json\/wp\/v2\/pages"}],"about":[{"href":"https:\/\/movafilm.com\/pl\/wp-json\/wp\/v2\/types\/page"}],"author":[{"embeddable":true,"href":"https:\/\/movafilm.com\/pl\/wp-json\/wp\/v2\/users\/3"}],"replies":[{"embeddable":true,"href":"https:\/\/movafilm.com\/pl\/wp-json\/wp\/v2\/comments?post=4117"}],"version-history":[{"count":8,"href":"https:\/\/movafilm.com\/pl\/wp-json\/wp\/v2\/pages\/4117\/revisions"}],"predecessor-version":[{"id":6733,"href":"https:\/\/movafilm.com\/pl\/wp-json\/wp\/v2\/pages\/4117\/revisions\/6733"}],"up":[{"embeddable":true,"href":"https:\/\/movafilm.com\/pl\/wp-json\/wp\/v2\/pages\/3078"}],"wp:featuredmedia":[{"embeddable":true,"href":"https:\/\/movafilm.com\/pl\/wp-json\/wp\/v2\/media\/4079"}],"wp:attachment":[{"href":"https:\/\/movafilm.com\/pl\/wp-json\/wp\/v2\/media?parent=4117"}],"curies":[{"name":"wp","href":"https:\/\/api.w.org\/{rel}","templated":true}]}}