{"id":4207,"date":"2020-02-27T16:13:53","date_gmt":"2020-02-27T15:13:53","guid":{"rendered":"http:\/\/serwer1807599.home.pl\/autoinstalator\/wordpress\/?page_id=4207"},"modified":"2024-03-22T09:37:39","modified_gmt":"2024-03-22T08:37:39","slug":"film-rekrutacyjny-glovo","status":"publish","type":"page","link":"https:\/\/movafilm.com\/pl\/portfolio\/film-rekrutacyjny-glovo\/","title":{"rendered":"Film rekrutacyjny dla Glovo"},"content":{"rendered":"<p><div class=\"section section-white section-2\"  id=\"tworzymy_filmy\">\n\t\n\t\n\t\t\n\t\t\n\t\t\n\t\t\t\t<div class=\" container-middle\">\n\t\t\t\t\t<div class=\"container align-center\">\n\n\t\t\t\t\n\t\t\t\t\t<div class=\"row\">\n\t\n<div class=\" col-xs-12 col-sm-12\">\n\t\n\t<div class=\"fw-divider-space\" style=\"padding-top: 30px;\"><\/div>\n\n<div class=\"content-box halign-left valign-center\">\n\t\n\t\t\t<h3 class=\"content-box__title\" style=\"color:#073763;\">FILM REKRUTACYJNY<\/h3>\n\t\n\t\t<div class=\"content-box__text darkgray\"><p>Film rekrutacyjny przygotowali\u015bmy dla firmy GLOVO<\/p><\/div>\n\t\n\t\t\t\n\n<a href=\"#\" target=\"_blank\" class=\"btn-a\" >\n\t\t\t\t\t\t\tGet It<\/a>\n\t<\/div>\n\t<iframe loading=\"lazy\" width=\"840\" height=\"475\" src=\"https:\/\/www.youtube.com\/embed\/mm-isrWal8Y?si=VRoAJyyb80J-P9S5\" title=\"YouTube video player\" frameborder=\"0\" allow=\"accelerometer; autoplay; clipboard-write; encrypted-media; gyroscope; picture-in-picture; web-share\" referrerpolicy=\"strict-origin-when-cross-origin\" allowfullscreen><\/iframe><\/div><\/div>\n\n\n\t\t\t\t\t\n\t\t\t<\/div>\n\t\t\t\t<\/div>\n\t\t\t\t\n\t<\/div>\n<div class=\"section section-white section-2\"  id=\"tworcy\" style=\"background-image:url(http:\/\/serwer1807599.home.pl\/autoinstalator\/wordpress\/wp-content\/uploads\/2019\/11\/tlo.jpg);background-size:contain;background-repeat:no-repeat;\">\n\t\n\t\n\t\t\n\t\t\n\t\t\n\t\t\t\t\t<div class=\"container align-left\">\n\n\t\t\t\t\n\t\t\t\t\t<div class=\"row\">\n\t\n<div class=\" col-xs-12 col-sm-12\">\n\t<p class=\"mb-50 title-small\">Dla marki Glovo przygotowali\u015bmy film rekrutacyjny. Wyst\u0119puj\u0105 <a href=\"https:\/\/www.youtube.com\/watch?v=DMjP1h73bdE\" target=\"_blank\" rel=\"noopener\">w nim<\/a> prawdziwi pracownicy, kt\u00f3rzy \u015bwietnie poradzili sobie z tym wyzwaniem. Opowiadaj\u0105 o tym, w jakiej bran\u017cy dzia\u0142a firma, jak wygl\u0105da codzienna praca i jaka atmosfera panuje w biurze. Zaspoilerujemy: przyjacielska i swobodna \ud83d\ude09 Brzmi dobrze! Sprawd\u017acie, dlaczego jeszcze warto pracowa\u0107 w Glovo \ud83d\ude42<\/p><p>Mieli\u015bmy przyjemno\u015b\u0107 realizowa\u0107 te\u017c inne filmy employer brandingowe:<\/p><p><a href=\"https:\/\/movafilm.com\/pl\/portfolio\/hr-wideo-nordea\/\">Nordea<\/a><\/p><p><a href=\"https:\/\/movafilm.com\/pl\/portfolio\/adar-zawodowi-kierowcy\/\">Adar - Najtrudniejsza bran\u017ca \u015bwiata<\/a><\/p><p>&nbsp;<\/p><p>&nbsp;<\/p>\t<div class=\"fw-divider-line\"><hr\/><\/div>\n\n<\/div><\/div>\n\n\n\t\t\t\t\t\n\t\t\t<\/div>\n\t\t\t\t\n\t<\/div>\n<div class=\"section section-lightgray section-2\"  style=\"background-image:url(http:\/\/movafilm.com\/wp-content\/uploads\/2019\/11\/tlo2.jpg);background-size:cover;background-repeat:no-repeat;\">\n\t\n\t\n\t\t\n\t\t\n\t\t\n\t\t\t\t<div class=\" container-middle\">\n\t\t\t\t\t<div class=\"container align-center\">\n\n\t\t\t\t\n\t\t\t\t\t<div class=\"row\">\n\t\n<div class=\" col-xs-12 col-sm-6 equal-cols\">\n\t\n<div class=\"content-box halign-center valign-center\">\n\t\n\t\t\t<h3 class=\"content-box__title theme-color\">Jeste\u015b ciekawy, ile&nbsp;kosztuje&nbsp;taki&nbsp;film?<\/h3>\n\t\n\t\n\t<\/div><\/div>\n<div class=\" col-xs-12 col-sm-6\">\n\t<div class=\"form-wrapper fw-contact-form contact-form\">\n\t<form data-fw-form-id=\"fw_form\" method=\"post\" action=\"https:\/\/movafilm.com\/pl\/wp-json\/wp\/v2\/pages\/4207\" class=\"fw_form_fw_form\" data-fw-ext-forms-type=\"contact-forms\"  ><input type=\"hidden\" name=\"fwf\" value=\"fw_form\" \/><input type=\"hidden\" id=\"_nonce_2fb406931cd5ce8e9ef8e350fe36c070\" name=\"_nonce_2fb406931cd5ce8e9ef8e350fe36c070\" value=\"5a3c47a179\" \/><input type=\"hidden\" name=\"_wp_http_referer\" value=\"\/pl\/wp-json\/wp\/v2\/pages\/4207\" \/><input type=\"hidden\" name=\"fw_ext_forms_form_type\" value=\"contact-forms\" \/><input type=\"hidden\" name=\"fw_ext_forms_form_id\" value=\"a0d8531f4a1796ae8efd95bd48ad2d9d\" \/><div class=\"wrap-forms\">\n\t<div class=\"row\"><div class=\"col-xs-12 col-sm-12 form-builder-item form-builder-item\">\n\t<div class=\"contact-info__title\">\n\t\t<h2>Zostaw nam sw\u00f3j adres e-mail<\/h2>\n\t\t\t\t\t<p>a my skontaktujemy si\u0119 z Tob\u0105 \ud83d\ude42<\/p>\n\t\t\t<\/div>\n<\/div><\/div><div class=\"row\"><div class=\"col-xs-12 col-sm-6 form-builder-item\">\n\t<div class=\"field-text\">\n\t\t\t\t<label for=\"id-1\">E-mail\t\t\t<sup>*<\/sup>\t\t<\/label>\n\t\t\t\t<input type=\"text\" name=\"email_bbd19ca\" placeholder=\"\" value=\"\" id=\"id-1\" required=\"required\" >\n\t\t\t<\/div>\n<\/div><\/div><\/div><div class=\"row\">\n\t<div class=\"col-xs-12 col-sm-12\">\n\t\t<button class=\"btn-a btn-a_fill_theme\">Wy\u015blij<\/button>\n\t<\/div>\n<\/div><\/form><\/div><\/div><\/div>\n\n\n\t\t\t\t\t\n\t\t\t<\/div>\n\t\t\t\t<\/div>\n\t\t\t\t\n\t<\/div>\n<\/p>\n","protected":false},"excerpt":{"rendered":"<p>FILM REKRUTACYJNY Film rekrutacyjny przygotowali\u015bmy dla firmy GLOVO Get It Dla marki Glovo przygotowali\u015bmy film rekrutacyjny. Wyst\u0119puj\u0105 w nim prawdziwi pracownicy, kt\u00f3rzy \u015bwietnie poradzili sobie z tym wyzwaniem. Opowiadaj\u0105 o tym, w jakiej bran\u017cy dzia\u0142a firma, jak wygl\u0105da codzienna praca i jaka atmosfera panuje w biurze. Zaspoilerujemy: przyjacielska i swobodna \ud83d\ude09 Brzmi dobrze! Sprawd\u017acie, dlaczego [&hellip;]<\/p>\n","protected":false},"author":3,"featured_media":6971,"parent":3078,"menu_order":0,"comment_status":"closed","ping_status":"closed","template":"page-simple-no-header.php","meta":{"om_disable_all_campaigns":false,"_monsterinsights_skip_tracking":false,"_monsterinsights_sitenote_active":false,"_monsterinsights_sitenote_note":"","_monsterinsights_sitenote_category":0,"footnotes":""},"aioseo_notices":[],"_links":{"self":[{"href":"https:\/\/movafilm.com\/pl\/wp-json\/wp\/v2\/pages\/4207"}],"collection":[{"href":"https:\/\/movafilm.com\/pl\/wp-json\/wp\/v2\/pages"}],"about":[{"href":"https:\/\/movafilm.com\/pl\/wp-json\/wp\/v2\/types\/page"}],"author":[{"embeddable":true,"href":"https:\/\/movafilm.com\/pl\/wp-json\/wp\/v2\/users\/3"}],"replies":[{"embeddable":true,"href":"https:\/\/movafilm.com\/pl\/wp-json\/wp\/v2\/comments?post=4207"}],"version-history":[{"count":8,"href":"https:\/\/movafilm.com\/pl\/wp-json\/wp\/v2\/pages\/4207\/revisions"}],"predecessor-version":[{"id":6973,"href":"https:\/\/movafilm.com\/pl\/wp-json\/wp\/v2\/pages\/4207\/revisions\/6973"}],"up":[{"embeddable":true,"href":"https:\/\/movafilm.com\/pl\/wp-json\/wp\/v2\/pages\/3078"}],"wp:featuredmedia":[{"embeddable":true,"href":"https:\/\/movafilm.com\/pl\/wp-json\/wp\/v2\/media\/6971"}],"wp:attachment":[{"href":"https:\/\/movafilm.com\/pl\/wp-json\/wp\/v2\/media?parent=4207"}],"curies":[{"name":"wp","href":"https:\/\/api.w.org\/{rel}","templated":true}]}}