{"id":4452,"date":"2020-03-04T15:55:47","date_gmt":"2020-03-04T14:55:47","guid":{"rendered":"http:\/\/serwer1807599.home.pl\/autoinstalator\/wordpress\/?page_id=4452"},"modified":"2023-12-10T18:29:30","modified_gmt":"2023-12-10T17:29:30","slug":"parametry-techniczne-reklama-klimor-evo","status":"publish","type":"page","link":"https:\/\/movafilm.com\/pl\/portfolio\/parametry-techniczne-reklama-klimor-evo\/","title":{"rendered":"Parametry techniczne sprz\u0119tu w reklamie Klimor Evo"},"content":{"rendered":"<p><div class=\"section section-white section-2\"  id=\"tworzymy_filmy\">\n\t\n\t\n\t\t\n\t\t\n\t\t\n\t\t\t\t<div class=\" container-middle\">\n\t\t\t\t\t<div class=\"container align-center\">\n\n\t\t\t\t\n\t\t\t\t\t<div class=\"row\">\n\t\n<div class=\" col-xs-12 col-sm-12\">\n\t\n\t<div class=\"fw-divider-space\" style=\"padding-top: 30px;\"><\/div>\n\n<div class=\"content-box halign-left valign-center\">\n\t\n\t\t\t<h3 class=\"content-box__title\" style=\"color:#073763;\">EVO, czyli jak zaprezentowa\u0107 w spocie parametry techniczne sprz\u0119tu<\/h3>\n\t\n\t\t<div class=\"content-box__text darkgray\"><p>KLIMOR<\/p><\/div>\n\t\n\t\t\t\n\n<a href=\"#\" target=\"_blank\" class=\"btn-a\" >\n\t\t\t\t\t\t\tGet It<\/a>\n\t<\/div>\n\t<iframe loading=\"lazy\" width=\"840\" height=\"475\" src=\"https:\/\/www.youtube.com\/embed\/q9z8hNrDNM0\" title=\"YouTube video player\" frameborder=\"0\" allow=\"accelerometer; autoplay; clipboard-write; encrypted-media; gyroscope; picture-in-picture; web-share\" allowfullscreen><\/iframe><\/div><\/div>\n\n\n\t\t\t\t\t\n\t\t\t<\/div>\n\t\t\t\t<\/div>\n\t\t\t\t\n\t<\/div>\n<div class=\"section section-white section-2\"  id=\"tworcy\" style=\"background-image:url(http:\/\/serwer1807599.home.pl\/autoinstalator\/wordpress\/wp-content\/uploads\/2019\/11\/tlo.jpg);background-size:contain;background-repeat:no-repeat;\">\n\t\n\t\n\t\t\n\t\t\n\t\t\n\t\t\t\t\t<div class=\"container align-left\">\n\n\t\t\t\t\n\t\t\t\t\t<div class=\"row\">\n\t\n<div class=\" col-xs-12 col-sm-12\">\n\t<p class=\"mb-50 title-small\">Czy w\u0142a\u015bciwie warto przedstawia\u0107 w reklamie parametry techniczne sprz\u0119tu? Jak najbardziej, przecie\u017c to jego atuty. Ale jest jeden warunek. Mianowicie musz\u0105 by\u0107 one zaprezentowane w przejrzysty spos\u00f3b. Chodzi oczywi\u015bcie nie tylko o stron\u0119 wizualn\u0105, ale te\u017c tre\u015b\u0107. Tej zasady trzymali\u015bmy si\u0119 tak\u017ce w <a href=\"https:\/\/www.youtube.com\/watch?v=q9z8hNrDNM0\" target=\"_blank\" rel=\"noopener\">naszej realizacji<\/a> dla marki Klimor.<\/p><p>W skr\u00f3cie, materia\u0142 opowiada o nowej linii produkt\u00f3w Klimor Evo. Jej innowacyjno\u015b\u0107 zosta\u0142a rzeczywi\u015bcie potwierdzona przez grono ekspert\u00f3w. Katalog produkt\u00f3w i dost\u0119pnych opcji jest na tyle szeroki, \u017ce ka\u017cda osoba poszukuj\u0105ca system\u00f3w klimatyzacji i wentylacji z pewno\u015bci\u0105 znajdzie co\u015b dla siebie. I w\u0142a\u015bnie chocia\u017cby takie informacje, mi\u0119dzy innymi, zosta\u0142y umieszczone w spocie.<\/p><p>W naszym portfolio znajdziecie te\u017c inne spoty prezentuj\u0105ce dzia\u0142anie sprz\u0119t\u00f3w:<\/p><p><a href=\"https:\/\/movafilm.com\/portfolio\/jak-powstaja-oxen-od-flowair\/\" target=\"_blank\" rel=\"noopener\">Oxen od FlowAir<\/a><\/p>\t<div class=\"fw-divider-line\"><hr\/><\/div>\n\n<\/div>\n<div class=\" col-xs-12 col-sm-3 fx\" data-animation-name=\"fadeInUp\" data-animation-duration=\"0.6s\" data-animation-delay=\"0.2s\" data-animation-visible-percent=\"10\">\n\t<div class=\"features-1\">\n\t<div class=\"features-item\">\n\t\t<div class=\"row\">\n\t\t\t\t\t\t<div class=\"col-xs-8 col-sm-8\">\n\t\t\t\t\t\t\t\t<h5 class=\"features-item__title\">Koncepcja i scenariusz<\/h5>\n\t\t\t\t\t\t\t\t\t\t\t\t<div class=\"features-item__text\"><p>Artur Tamio\u0142a<\/p><\/div>\n\t\t\t\t\t\t\t\t\t\t\t<\/div>\n\t\t<\/div>\n\t<\/div>\n<\/div>\n\n\n<div class=\"features-1\">\n\t<div class=\"features-item\">\n\t\t<div class=\"row\">\n\t\t\t\t\t\t<div class=\"col-xs-8 col-sm-8\">\n\t\t\t\t\t\t\t\t<h5 class=\"features-item__title\">D\u017awi\u0119k<\/h5>\n\t\t\t\t\t\t\t\t\t\t\t\t<div class=\"features-item__text\"><p>Artur Tamio\u0142a<\/p><\/div>\n\t\t\t\t\t\t\t\t\t\t\t<\/div>\n\t\t<\/div>\n\t<\/div>\n<\/div>\n\n\n<\/div>\n<div class=\" col-xs-12 col-sm-3 fx\" data-animation-name=\"fadeInUp\" data-animation-duration=\"0.6s\" data-animation-delay=\"0.4s\" data-animation-visible-percent=\"10\">\n\t<div class=\"features-1\">\n\t<div class=\"features-item\">\n\t\t<div class=\"row\">\n\t\t\t\t\t\t<div class=\"col-xs-8 col-sm-8\">\n\t\t\t\t\t\t\t\t<h5 class=\"features-item__title\">Art Director<\/h5>\n\t\t\t\t\t\t\t\t\t\t\t\t<div class=\"features-item__text\"><p>Artur Tamio\u0142a<\/p><\/div>\n\t\t\t\t\t\t\t\t\t\t\t<\/div>\n\t\t<\/div>\n\t<\/div>\n<\/div>\n\n\n<\/div>\n<div class=\" col-xs-12 col-sm-3 fx\" data-animation-name=\"fadeInUp\" data-animation-duration=\"0.6s\" data-animation-delay=\"0.6s\" data-animation-visible-percent=\"10\">\n\t<div class=\"features-1\">\n\t<div class=\"features-item\">\n\t\t<div class=\"row\">\n\t\t\t\t\t\t<div class=\"col-xs-8 col-sm-8\">\n\t\t\t\t\t\t\t\t<h5 class=\"features-item__title\">Graphic Design<\/h5>\n\t\t\t\t\t\t\t\t\t\t\t\t<div class=\"features-item__text\"><p>Artur Tamio\u0142a<\/p><p>Mateusz Klamrowski<\/p><\/div>\n\t\t\t\t\t\t\t\t\t\t\t<\/div>\n\t\t<\/div>\n\t<\/div>\n<\/div>\n\n\n<\/div>\n<div class=\" col-xs-12 col-sm-3 fx\" data-animation-name=\"fadeInUp\" data-animation-duration=\"0.6s\" data-animation-delay=\"0.8s\" data-animation-visible-percent=\"10\">\n\t<div class=\"features-1\">\n\t<div class=\"features-item\">\n\t\t<div class=\"row\">\n\t\t\t\t\t\t<div class=\"col-xs-8 col-sm-8\">\n\t\t\t\t\t\t\t\t<h5 class=\"features-item__title\">Animacja<\/h5>\n\t\t\t\t\t\t\t\t\t\t\t\t<div class=\"features-item__text\"><p>Artur Tamio\u0142a<\/p><p>Mateusz Klamrowski<\/p><\/div>\n\t\t\t\t\t\t\t\t\t\t\t<\/div>\n\t\t<\/div>\n\t<\/div>\n<\/div>\n\n\n<\/div><\/div>\n\n\n\t\t\t\t\t\n\t\t\t<\/div>\n\t\t\t\t\n\t<\/div>\n<div class=\"section section-lightgray section-2\"  style=\"background-image:url(http:\/\/movafilm.com\/wp-content\/uploads\/2019\/11\/tlo2.jpg);background-size:cover;background-repeat:no-repeat;\">\n\t\n\t\n\t\t\n\t\t\n\t\t\n\t\t\t\t<div class=\" container-middle\">\n\t\t\t\t\t<div class=\"container align-center\">\n\n\t\t\t\t\n\t\t\t\t\t<div class=\"row\">\n\t\n<div class=\" col-xs-12 col-sm-6 equal-cols\">\n\t\n<div class=\"content-box halign-center valign-center\">\n\t\n\t\t\t<h3 class=\"content-box__title theme-color\">Jeste\u015b ciekawy, ile&nbsp;kosztuje&nbsp;taki&nbsp;film?<\/h3>\n\t\n\t\n\t<\/div><\/div>\n<div class=\" col-xs-12 col-sm-6\">\n\t<div class=\"form-wrapper fw-contact-form contact-form\">\n\t<form data-fw-form-id=\"fw_form\" method=\"post\" action=\"https:\/\/movafilm.com\/pl\/wp-json\/wp\/v2\/pages\/4452\" class=\"fw_form_fw_form\" data-fw-ext-forms-type=\"contact-forms\"  ><input type=\"hidden\" name=\"fwf\" value=\"fw_form\" \/><input type=\"hidden\" id=\"_nonce_2fb406931cd5ce8e9ef8e350fe36c070\" name=\"_nonce_2fb406931cd5ce8e9ef8e350fe36c070\" value=\"5a3c47a179\" \/><input type=\"hidden\" name=\"_wp_http_referer\" value=\"\/pl\/wp-json\/wp\/v2\/pages\/4452\" \/><input type=\"hidden\" name=\"fw_ext_forms_form_type\" value=\"contact-forms\" \/><input type=\"hidden\" name=\"fw_ext_forms_form_id\" value=\"a0d8531f4a1796ae8efd95bd48ad2d9d\" \/><div class=\"wrap-forms\">\n\t<div class=\"row\"><div class=\"col-xs-12 col-sm-12 form-builder-item form-builder-item\">\n\t<div class=\"contact-info__title\">\n\t\t<h2>Zostaw nam sw\u00f3j adres e-mail<\/h2>\n\t\t\t\t\t<p>a my skontaktujemy si\u0119 z Tob\u0105 \ud83d\ude42<\/p>\n\t\t\t<\/div>\n<\/div><\/div><div class=\"row\"><div class=\"col-xs-12 col-sm-6 form-builder-item\">\n\t<div class=\"field-text\">\n\t\t\t\t<label for=\"id-1\">E-mail\t\t\t<sup>*<\/sup>\t\t<\/label>\n\t\t\t\t<input type=\"text\" name=\"email_bbd19ca\" placeholder=\"\" value=\"\" id=\"id-1\" required=\"required\" >\n\t\t\t<\/div>\n<\/div><\/div><\/div><div class=\"row\">\n\t<div class=\"col-xs-12 col-sm-12\">\n\t\t<button class=\"btn-a btn-a_fill_theme\">Wy\u015blij<\/button>\n\t<\/div>\n<\/div><\/form><\/div><\/div><\/div>\n\n\n\t\t\t\t\t\n\t\t\t<\/div>\n\t\t\t\t<\/div>\n\t\t\t\t\n\t<\/div>\n<\/p>\n","protected":false},"excerpt":{"rendered":"<p>EVO, czyli jak zaprezentowa\u0107 w spocie parametry techniczne sprz\u0119tu KLIMOR Get It Czy w\u0142a\u015bciwie warto przedstawia\u0107 w reklamie parametry techniczne sprz\u0119tu? Jak najbardziej, przecie\u017c to jego atuty. Ale jest jeden warunek. Mianowicie musz\u0105 by\u0107 one zaprezentowane w przejrzysty spos\u00f3b. Chodzi oczywi\u015bcie nie tylko o stron\u0119 wizualn\u0105, ale te\u017c tre\u015b\u0107. Tej zasady trzymali\u015bmy si\u0119 tak\u017ce w [&hellip;]<\/p>\n","protected":false},"author":3,"featured_media":4175,"parent":3078,"menu_order":0,"comment_status":"closed","ping_status":"closed","template":"page-simple-no-header.php","meta":{"om_disable_all_campaigns":false,"_monsterinsights_skip_tracking":false,"_monsterinsights_sitenote_active":false,"_monsterinsights_sitenote_note":"","_monsterinsights_sitenote_category":0,"footnotes":""},"aioseo_notices":[],"_links":{"self":[{"href":"https:\/\/movafilm.com\/pl\/wp-json\/wp\/v2\/pages\/4452"}],"collection":[{"href":"https:\/\/movafilm.com\/pl\/wp-json\/wp\/v2\/pages"}],"about":[{"href":"https:\/\/movafilm.com\/pl\/wp-json\/wp\/v2\/types\/page"}],"author":[{"embeddable":true,"href":"https:\/\/movafilm.com\/pl\/wp-json\/wp\/v2\/users\/3"}],"replies":[{"embeddable":true,"href":"https:\/\/movafilm.com\/pl\/wp-json\/wp\/v2\/comments?post=4452"}],"version-history":[{"count":8,"href":"https:\/\/movafilm.com\/pl\/wp-json\/wp\/v2\/pages\/4452\/revisions"}],"predecessor-version":[{"id":6470,"href":"https:\/\/movafilm.com\/pl\/wp-json\/wp\/v2\/pages\/4452\/revisions\/6470"}],"up":[{"embeddable":true,"href":"https:\/\/movafilm.com\/pl\/wp-json\/wp\/v2\/pages\/3078"}],"wp:featuredmedia":[{"embeddable":true,"href":"https:\/\/movafilm.com\/pl\/wp-json\/wp\/v2\/media\/4175"}],"wp:attachment":[{"href":"https:\/\/movafilm.com\/pl\/wp-json\/wp\/v2\/media?parent=4452"}],"curies":[{"name":"wp","href":"https:\/\/api.w.org\/{rel}","templated":true}]}}