{"id":4720,"date":"2020-03-19T09:48:49","date_gmt":"2020-03-19T08:48:49","guid":{"rendered":"http:\/\/movafilm.com\/?page_id=4720"},"modified":"2023-12-18T19:01:32","modified_gmt":"2023-12-18T18:01:32","slug":"fizzeez-nauka-i-zabawa-dla-dzieci","status":"publish","type":"page","link":"https:\/\/movafilm.com\/pl\/portfolio\/fizzeez-nauka-i-zabawa-dla-dzieci\/","title":{"rendered":"Fizzeez &#8211; zabawa dla dzieci zainteresowanych nauk\u0105"},"content":{"rendered":"<p><div class=\"section section-white section-2\"  id=\"tworzymy_filmy\">\n\t\n\t\n\t\t\n\t\t\n\t\t\n\t\t\t\t<div class=\" container-middle\">\n\t\t\t\t\t<div class=\"container align-center\">\n\n\t\t\t\t\n\t\t\t\t\t<div class=\"row\">\n\t\n<div class=\" col-xs-12 col-sm-12\">\n\t\n\t<div class=\"fw-divider-space\" style=\"padding-top: 30px;\"><\/div>\n\n<div class=\"content-box halign-left valign-center\">\n\t\n\t\t\t<h3 class=\"content-box__title\" style=\"color:#073763;\">FIZZEEZ czyli idealna zabawa dla dzieci zainteresowanych nauk\u0105<\/h3>\n\t\n\t\t<div class=\"content-box__text darkgray\"><p>Zabawka od EP LINE, dzi\u0119ki kt\u00f3rej dzieci pokochaj\u0105 nauk\u0119<\/p><\/div>\n\t\n\t\t\t\n\n<a href=\"#\" target=\"_blank\" class=\"btn-a\" >\n\t\t\t\t\t\t\tGet It<\/a>\n\t<\/div>\n\t<iframe loading=\"lazy\" width=\"840\" height=\"475\" src=\"https:\/\/www.youtube.com\/embed\/E6AbGHes-5o\" title=\"YouTube video player\" frameborder=\"0\" allow=\"accelerometer; autoplay; clipboard-write; encrypted-media; gyroscope; picture-in-picture; web-share\" allowfullscreen><\/iframe><\/div><\/div>\n\n\n\t\t\t\t\t\n\t\t\t<\/div>\n\t\t\t\t<\/div>\n\t\t\t\t\n\t<\/div>\n<div class=\"section section-white section-2\"  id=\"tworcy\" style=\"background-image:url(http:\/\/serwer1807599.home.pl\/autoinstalator\/wordpress\/wp-content\/uploads\/2019\/11\/tlo.jpg);background-size:contain;background-repeat:no-repeat;\">\n\t\n\t\n\t\t\n\t\t\n\t\t\n\t\t\t\t\t<div class=\"container align-left\">\n\n\t\t\t\t\n\t\t\t\t\t<div class=\"row\">\n\t\n<div class=\" col-xs-12 col-sm-12\">\n\t<p class=\"mb-50 title-small\"> Z pewno\u015bci\u0105 chcecie wiedzie\u0107, jak\u0105 niespodziank\u0119 kryj\u0105 w sobie tajemnicze musuj\u0105ce kolorowe jajka. My te\u017c! Dlatego zatrudnili\u015bmy ma\u0142ych naukowc\u00f3w. \ud83e\uddea Jak wida\u0107, zgodzili si\u0119 oni przeprowadzi\u0107 precyzyjne badania przed kamer\u0105 Mova Film. <a href=\"https:\/\/www.youtube.com\/watch?v=E6AbGHes-5o\" target=\"_blank\" rel=\"noopener\">Sprawd\u017acie<\/a>, co nam si\u0119 w efekcie z tego wyklu\u0142o! Zreszt\u0105, mo\u017cecie te\u017c przekona\u0107 si\u0119 o tym sami. To bez w\u0105tpienia idealna zabawa dla dzieci zainteresowanych nauk\u0105. I doros\u0142ych oczywi\u015bcie te\u017c \ud83d\ude09 Tak czy inaczej - polecamy \ud83d\ude42 Kr\u00f3tko m\u00f3wi\u0105c, czeka Was \u015bwietna zabawa. <\/p><p>Realizowali\u015bmy te\u017c inne materia\u0142y prezentuj\u0105ce zabawki:<\/p><p><a href=\"https:\/\/movafilm.com\/portfolio\/reklama-zabawek-chmurkolina\/\" target=\"_blank\" rel=\"noopener\">Chmurkolina<\/a><\/p><p><a href=\"https:\/\/movafilm.com\/projekt_ultraplastelina_led\/\" target=\"_blank\" rel=\"noopener\">Ultraplastelina LED<\/a><\/p><p><a href=\"https:\/\/movafilm.com\/portfolio\/reklama_maskotki_bajkowy_mis\/\" target=\"_blank\" rel=\"noopener\">Bajkowy Mi\u015b<\/a><\/p>\t<div class=\"fw-divider-line\"><hr\/><\/div>\n\n<\/div>\n<div class=\" col-xs-12 col-sm-3 fx\" data-animation-name=\"fadeInUp\" data-animation-duration=\"0.6s\" data-animation-delay=\"0.2s\" data-animation-visible-percent=\"10\">\n\t<div class=\"features-1\">\n\t<div class=\"features-item\">\n\t\t<div class=\"row\">\n\t\t\t\t\t\t<div class=\"col-xs-8 col-sm-8\">\n\t\t\t\t\t\t\t\t<h5 class=\"features-item__title\">Scenariusz \/ Re\u017cyseria<\/h5>\n\t\t\t\t\t\t\t\t\t\t\t\t<div class=\"features-item__text\"><p>Mateusz Jemio\u0142<\/p><\/div>\n\t\t\t\t\t\t\t\t\t\t\t<\/div>\n\t\t<\/div>\n\t<\/div>\n<\/div>\n\n\n<div class=\"features-1\">\n\t<div class=\"features-item\">\n\t\t<div class=\"row\">\n\t\t\t\t\t\t<div class=\"col-xs-8 col-sm-8\">\n\t\t\t\t\t\t\t\t<h5 class=\"features-item__title\">Mistrz O\u015bwietlenia<\/h5>\n\t\t\t\t\t\t\t\t\t\t\t\t<div class=\"features-item__text\"><p>Tomasz Specja\u0142<\/p><\/div>\n\t\t\t\t\t\t\t\t\t\t\t<\/div>\n\t\t<\/div>\n\t<\/div>\n<\/div>\n\n\n<div class=\"features-1\">\n\t<div class=\"features-item\">\n\t\t<div class=\"row\">\n\t\t\t\t\t\t<div class=\"col-xs-8 col-sm-8\">\n\t\t\t\t\t\t\t\t<h5 class=\"features-item__title\">Asystent kamery<\/h5>\n\t\t\t\t\t\t\t\t\t\t\t\t<div class=\"features-item__text\"><p>\u0141ukasz Nurkowski<\/p><\/div>\n\t\t\t\t\t\t\t\t\t\t\t<\/div>\n\t\t<\/div>\n\t<\/div>\n<\/div>\n\n\n<div class=\"features-1\">\n\t<div class=\"features-item\">\n\t\t<div class=\"row\">\n\t\t\t\t\t\t<div class=\"col-xs-8 col-sm-8\">\n\t\t\t\t\t\t\t\t<h5 class=\"features-item__title\">Korekcja Koloru<\/h5>\n\t\t\t\t\t\t\t\t\t\t\t\t<div class=\"features-item__text\"><p>Artur Tamio\u0142a<\/p><\/div>\n\t\t\t\t\t\t\t\t\t\t\t<\/div>\n\t\t<\/div>\n\t<\/div>\n<\/div>\n\n\n<\/div>\n<div class=\" col-xs-12 col-sm-3 fx\" data-animation-name=\"fadeInUp\" data-animation-duration=\"0.6s\" data-animation-delay=\"0.4s\" data-animation-visible-percent=\"10\">\n\t<div class=\"features-1\">\n\t<div class=\"features-item\">\n\t\t<div class=\"row\">\n\t\t\t\t\t\t<div class=\"col-xs-8 col-sm-8\">\n\t\t\t\t\t\t\t\t<h5 class=\"features-item__title\">Zdj\u0119cia<\/h5>\n\t\t\t\t\t\t\t\t\t\t\t\t<div class=\"features-item__text\"><p>Micha\u0142 Jaskulski<\/p><\/div>\n\t\t\t\t\t\t\t\t\t\t\t<\/div>\n\t\t<\/div>\n\t<\/div>\n<\/div>\n\n\n<div class=\"features-1\">\n\t<div class=\"features-item\">\n\t\t<div class=\"row\">\n\t\t\t\t\t\t<div class=\"col-xs-8 col-sm-8\">\n\t\t\t\t\t\t\t\t<h5 class=\"features-item__title\">O\u015bwietlacz<\/h5>\n\t\t\t\t\t\t\t\t\t\t\t\t<div class=\"features-item__text\"><p>Maciej Sk\u00f3rczy\u0144ski<\/p><\/div>\n\t\t\t\t\t\t\t\t\t\t\t<\/div>\n\t\t<\/div>\n\t<\/div>\n<\/div>\n\n\n<div class=\"features-1\">\n\t<div class=\"features-item\">\n\t\t<div class=\"row\">\n\t\t\t\t\t\t<div class=\"col-xs-8 col-sm-8\">\n\t\t\t\t\t\t\t\t<h5 class=\"features-item__title\">Asystent re\u017cysera<\/h5>\n\t\t\t\t\t\t\t\t\t\t\t\t<div class=\"features-item__text\"><p>Justyna Szenyk<\/p><\/div>\n\t\t\t\t\t\t\t\t\t\t\t<\/div>\n\t\t<\/div>\n\t<\/div>\n<\/div>\n\n\n<div class=\"features-1\">\n\t<div class=\"features-item\">\n\t\t<div class=\"row\">\n\t\t\t\t\t\t<div class=\"col-xs-8 col-sm-8\">\n\t\t\t\t\t\t\t\t<h5 class=\"features-item__title\">Obsada<\/h5>\n\t\t\t\t\t\t\t\t\t\t\t\t<div class=\"features-item__text\"><p>Daria Nosenko<\/p><p>Jakub Knigawka<\/p><\/div>\n\t\t\t\t\t\t\t\t\t\t\t<\/div>\n\t\t<\/div>\n\t<\/div>\n<\/div>\n\n\n<\/div>\n<div class=\" col-xs-12 col-sm-3 fx\" data-animation-name=\"fadeInUp\" data-animation-duration=\"0.6s\" data-animation-delay=\"0.6s\" data-animation-visible-percent=\"10\">\n\t<div class=\"features-1\">\n\t<div class=\"features-item\">\n\t\t<div class=\"row\">\n\t\t\t\t\t\t<div class=\"col-xs-8 col-sm-8\">\n\t\t\t\t\t\t\t\t<h5 class=\"features-item__title\">Kierownik Produkcji<\/h5>\n\t\t\t\t\t\t\t\t\t\t\t\t<div class=\"features-item__text\"><p>Micha\u0142 Schulz<\/p><\/div>\n\t\t\t\t\t\t\t\t\t\t\t<\/div>\n\t\t<\/div>\n\t<\/div>\n<\/div>\n\n\n<div class=\"features-1\">\n\t<div class=\"features-item\">\n\t\t<div class=\"row\">\n\t\t\t\t\t\t<div class=\"col-xs-8 col-sm-8\">\n\t\t\t\t\t\t\t\t<h5 class=\"features-item__title\">Charakteryzacja \/ Kostiumy<\/h5>\n\t\t\t\t\t\t\t\t\t\t\t\t<div class=\"features-item__text\"><p>Mariola Smoli\u0144ska<\/p><\/div>\n\t\t\t\t\t\t\t\t\t\t\t<\/div>\n\t\t<\/div>\n\t<\/div>\n<\/div>\n\n\n<div class=\"features-1\">\n\t<div class=\"features-item\">\n\t\t<div class=\"row\">\n\t\t\t\t\t\t<div class=\"col-xs-8 col-sm-8\">\n\t\t\t\t\t\t\t\t<h5 class=\"features-item__title\">Monta\u017c<\/h5>\n\t\t\t\t\t\t\t\t\t\t\t\t<div class=\"features-item__text\"><p>Mateusz Jemio\u0142<\/p><\/div>\n\t\t\t\t\t\t\t\t\t\t\t<\/div>\n\t\t<\/div>\n\t<\/div>\n<\/div>\n\n\n<\/div>\n<div class=\" col-xs-12 col-sm-3 fx\" data-animation-name=\"fadeInUp\" data-animation-duration=\"0.6s\" data-animation-delay=\"0.8s\" data-animation-visible-percent=\"10\">\n\t<div class=\"features-1\">\n\t<div class=\"features-item\">\n\t\t<div class=\"row\">\n\t\t\t\t\t\t<div class=\"col-xs-8 col-sm-8\">\n\t\t\t\t\t\t\t\t<h5 class=\"features-item__title\">Scenografia<\/h5>\n\t\t\t\t\t\t\t\t\t\t\t\t<div class=\"features-item__text\"><p>Piotr Jurek<\/p><\/div>\n\t\t\t\t\t\t\t\t\t\t\t<\/div>\n\t\t<\/div>\n\t<\/div>\n<\/div>\n\n\n<div class=\"features-1\">\n\t<div class=\"features-item\">\n\t\t<div class=\"row\">\n\t\t\t\t\t\t<div class=\"col-xs-8 col-sm-8\">\n\t\t\t\t\t\t\t\t<h5 class=\"features-item__title\">Dy\u017cur<\/h5>\n\t\t\t\t\t\t\t\t\t\t\t\t<div class=\"features-item__text\"><p>Grzegorz Oleksa<\/p><\/div>\n\t\t\t\t\t\t\t\t\t\t\t<\/div>\n\t\t<\/div>\n\t<\/div>\n<\/div>\n\n\n<div class=\"features-1\">\n\t<div class=\"features-item\">\n\t\t<div class=\"row\">\n\t\t\t\t\t\t<div class=\"col-xs-8 col-sm-8\">\n\t\t\t\t\t\t\t\t<h5 class=\"features-item__title\">VFX<\/h5>\n\t\t\t\t\t\t\t\t\t\t\t\t<div class=\"features-item__text\"><p>Mateusz Klamrowski<\/p><\/div>\n\t\t\t\t\t\t\t\t\t\t\t<\/div>\n\t\t<\/div>\n\t<\/div>\n<\/div>\n\n\n<\/div><\/div>\n\n\n\t\t\t\t\t\n\t\t\t<\/div>\n\t\t\t\t\n\t<\/div>\n<div class=\"section section-lightgray section-2\"  style=\"background-image:url(http:\/\/movafilm.com\/wp-content\/uploads\/2019\/11\/tlo2.jpg);background-size:cover;background-repeat:no-repeat;\">\n\t\n\t\n\t\t\n\t\t\n\t\t\n\t\t\t\t<div class=\" container-middle\">\n\t\t\t\t\t<div class=\"container align-center\">\n\n\t\t\t\t\n\t\t\t\t\t<div class=\"row\">\n\t\n<div class=\" col-xs-12 col-sm-6 equal-cols\">\n\t\n<div class=\"content-box halign-center valign-center\">\n\t\n\t\t\t<h3 class=\"content-box__title theme-color\"> Z pewno\u015bci\u0105 jeste\u015b ciekawy, ile&nbsp;kosztuje&nbsp;taki&nbsp;film?<\/h3>\n\t\n\t\n\t<\/div><\/div>\n<div class=\" col-xs-12 col-sm-6\">\n\t<div class=\"form-wrapper fw-contact-form contact-form\">\n\t<form data-fw-form-id=\"fw_form\" method=\"post\" action=\"https:\/\/movafilm.com\/pl\/wp-json\/wp\/v2\/pages\/4720\" class=\"fw_form_fw_form\" data-fw-ext-forms-type=\"contact-forms\"  ><input type=\"hidden\" name=\"fwf\" value=\"fw_form\" \/><input type=\"hidden\" id=\"_nonce_2fb406931cd5ce8e9ef8e350fe36c070\" name=\"_nonce_2fb406931cd5ce8e9ef8e350fe36c070\" value=\"5a3c47a179\" \/><input type=\"hidden\" name=\"_wp_http_referer\" value=\"\/pl\/wp-json\/wp\/v2\/pages\/4720\" \/><input type=\"hidden\" name=\"fw_ext_forms_form_type\" value=\"contact-forms\" \/><input type=\"hidden\" name=\"fw_ext_forms_form_id\" value=\"a0d8531f4a1796ae8efd95bd48ad2d9d\" \/><div class=\"wrap-forms\">\n\t<div class=\"row\"><div class=\"col-xs-12 col-sm-12 form-builder-item form-builder-item\">\n\t<div class=\"contact-info__title\">\n\t\t<h2>Zostaw nam sw\u00f3j adres e-mail<\/h2>\n\t\t\t\t\t<p> A dzi\u0119ki temu b\u0119dziemy mogli si\u0119 z Tob\u0105 skontaktowa\u0107. \ud83d\ude42<\/p>\n\t\t\t<\/div>\n<\/div><\/div><div class=\"row\"><div class=\"col-xs-12 col-sm-6 form-builder-item\">\n\t<div class=\"field-text\">\n\t\t\t\t<label for=\"id-1\">E-mail\t\t\t<sup>*<\/sup>\t\t<\/label>\n\t\t\t\t<input type=\"text\" name=\"email_bbd19ca\" placeholder=\"\" value=\"\" id=\"id-1\" required=\"required\" >\n\t\t\t<\/div>\n<\/div><\/div><\/div><div class=\"row\">\n\t<div class=\"col-xs-12 col-sm-12\">\n\t\t<button class=\"btn-a btn-a_fill_theme\">Wy\u015blij<\/button>\n\t<\/div>\n<\/div><\/form><\/div><\/div><\/div>\n\n\n\t\t\t\t\t\n\t\t\t<\/div>\n\t\t\t\t<\/div>\n\t\t\t\t\n\t<\/div>\n<\/p>\n","protected":false},"excerpt":{"rendered":"<p>FIZZEEZ czyli idealna zabawa dla dzieci zainteresowanych nauk\u0105 Zabawka od EP LINE, dzi\u0119ki kt\u00f3rej dzieci pokochaj\u0105 nauk\u0119 Get It Z pewno\u015bci\u0105 chcecie wiedzie\u0107, jak\u0105 niespodziank\u0119 kryj\u0105 w sobie tajemnicze musuj\u0105ce kolorowe jajka. My te\u017c! Dlatego zatrudnili\u015bmy ma\u0142ych naukowc\u00f3w. \ud83e\uddea Jak wida\u0107, zgodzili si\u0119 oni przeprowadzi\u0107 precyzyjne badania przed kamer\u0105 Mova Film. Sprawd\u017acie, co nam si\u0119 [&hellip;]<\/p>\n","protected":false},"author":3,"featured_media":5921,"parent":3078,"menu_order":0,"comment_status":"closed","ping_status":"closed","template":"page-simple-no-header.php","meta":{"om_disable_all_campaigns":false,"_monsterinsights_skip_tracking":false,"_monsterinsights_sitenote_active":false,"_monsterinsights_sitenote_note":"","_monsterinsights_sitenote_category":0,"footnotes":""},"aioseo_notices":[],"_links":{"self":[{"href":"https:\/\/movafilm.com\/pl\/wp-json\/wp\/v2\/pages\/4720"}],"collection":[{"href":"https:\/\/movafilm.com\/pl\/wp-json\/wp\/v2\/pages"}],"about":[{"href":"https:\/\/movafilm.com\/pl\/wp-json\/wp\/v2\/types\/page"}],"author":[{"embeddable":true,"href":"https:\/\/movafilm.com\/pl\/wp-json\/wp\/v2\/users\/3"}],"replies":[{"embeddable":true,"href":"https:\/\/movafilm.com\/pl\/wp-json\/wp\/v2\/comments?post=4720"}],"version-history":[{"count":16,"href":"https:\/\/movafilm.com\/pl\/wp-json\/wp\/v2\/pages\/4720\/revisions"}],"predecessor-version":[{"id":6422,"href":"https:\/\/movafilm.com\/pl\/wp-json\/wp\/v2\/pages\/4720\/revisions\/6422"}],"up":[{"embeddable":true,"href":"https:\/\/movafilm.com\/pl\/wp-json\/wp\/v2\/pages\/3078"}],"wp:featuredmedia":[{"embeddable":true,"href":"https:\/\/movafilm.com\/pl\/wp-json\/wp\/v2\/media\/5921"}],"wp:attachment":[{"href":"https:\/\/movafilm.com\/pl\/wp-json\/wp\/v2\/media?parent=4720"}],"curies":[{"name":"wp","href":"https:\/\/api.w.org\/{rel}","templated":true}]}}