{"id":4774,"date":"2020-03-19T14:42:38","date_gmt":"2020-03-19T13:42:38","guid":{"rendered":"http:\/\/movafilm.com\/?page_id=4774"},"modified":"2024-07-03T14:04:09","modified_gmt":"2024-07-03T12:04:09","slug":"otwarte-klatki-trzymaj-garde","status":"publish","type":"page","link":"https:\/\/movafilm.com\/pl\/portfolio\/otwarte-klatki-trzymaj-garde\/","title":{"rendered":"Otwarte Klatki &#8211; Zawodnicy sport\u00f3w walki vs nagrania z fermy przemys\u0142owej"},"content":{"rendered":"<p><div class=\"section section-white section-2\"  id=\"tworzymy_filmy\">\n\t\n\t\n\t\t\n\t\t\n\t\t\n\t\t\t\t<div class=\" container-middle\">\n\t\t\t\t\t<div class=\"container align-center\">\n\n\t\t\t\t\n\t\t\t\t\t<div class=\"row\">\n\t\n<div class=\" col-xs-12 col-sm-12\">\n\t\n\t<div class=\"fw-divider-space\" style=\"padding-top: 30px;\"><\/div>\n\n<div class=\"content-box halign-left valign-center\">\n\t\n\t\t\t<h3 class=\"content-box__title\" style=\"color:#073763;\">Trzymaj gard\u0119 w obronie zwierz\u0105t<\/h3>\n\t\n\t\t<div class=\"content-box__text darkgray\"><p>Czyli kampania spo\u0142eczna z udzia\u0142em zawodnik\u00f3w sztuk walki dla Stowarzyszenia Otwarte Klatki<\/p><\/div>\n\t\n\t\t\t\n\n<a href=\"#\" target=\"_blank\" class=\"btn-a\" >\n\t\t\t\t\t\t\tGet It<\/a>\n\t<\/div>\n\t<iframe loading=\"lazy\" width=\"840\" height=\"475\" <iframe loading=\"lazy\" width=\"560\" height=\"315\" src=\"https:\/\/www.youtube.com\/embed\/bOe1mavm2Hc?si=Js6CRWvbzgUWmxgh\" title=\"YouTube video player\" frameborder=\"0\" allow=\"accelerometer; autoplay; clipboard-write; encrypted-media; gyroscope; picture-in-picture; web-share\" referrerpolicy=\"strict-origin-when-cross-origin\" allowfullscreen><\/iframe><\/div><\/div>\n\n\n\t\t\t\t\t\n\t\t\t<\/div>\n\t\t\t\t<\/div>\n\t\t\t\t\n\t<\/div>\n<div class=\"section section-white section-2\"  id=\"tworcy\" style=\"background-image:url(http:\/\/serwer1807599.home.pl\/autoinstalator\/wordpress\/wp-content\/uploads\/2019\/11\/tlo.jpg);background-size:contain;background-repeat:no-repeat;\">\n\t\n\t\n\t\t\n\t\t\n\t\t\n\t\t\t\t\t<div class=\"container align-left\">\n\n\t\t\t\t\n\t\t\t\t\t<div class=\"row\">\n\t\n<div class=\" col-xs-12 col-sm-12\">\n\t<p>To jeden z naszych najtrudniejszych projekt\u00f3w. Nie pod k\u0105tem z\u0142o\u017cono\u015bci produkcyjnej, tylko emocji towarzysz\u0105cych nam na ka\u017cdym etapie realizacji. Dzi\u0119kujemy Stowarzyszeniu Otwarte Klatki za zaufanie i zaproszenie nas do wsp\u00f3\u0142pracy przy tworzeniu tego materia\u0142u. Dzi\u0119kujemy zawodnikom i zawodniczkom sztuk walki za ich wra\u017cliwo\u015b\u0107 i wa\u017cny g\u0142os w sprawie.<\/p><p>W ka mpanii wzi\u0119li udzia\u0142: Joanna J\u0119drzejczyk, Laura Grzyb, Jan B\u0142achowicz, Daniel Rutkowski, Damian Janikowski, Arkadiusz Wrzosek, Sebastian Rajewski.<\/p><p>W naszym portfolio znajdziecie jeszcze jedn\u0105 wa\u017cn\u0105 kampani\u0119, kt\u00f3r\u0105 zrealizowali\u015bmy dla Stowarzyszenia Otwarte Klatki:<\/p><p><a href=\"https:\/\/movafilm.com\/pl\/portfolio\/otwarte-klatki-masz-jakis-problem\/\">Masz jaki\u015b problem?<\/a><\/p>\t<div class=\"fw-divider-line\"><hr\/><\/div>\n\n<\/div>\n<div class=\" col-xs-12 col-sm-4\">\n\t\n<div class=\"image-box \">\n\t\t<img decoding=\"async\" src=\"\/\/movafilm.com\/wp-content\/uploads\/2024\/07\/TT-Mateusz-Jemiol-1.png\" alt=\"\" class=\"image-box__img\">\n\t\t\t<a href=\"https:\/\/www.tiktok.com\/@mateuszjemiol\/video\/7301999618508803361?is_from_webapp=1&#038;sender_device=pc&#038;web_id=7312005360750839328\" class=\"image-box__link\" target=\"_blank\">\n\t\t\t\t\n\t\t\t\n\t\t\t<\/a>\n\t\t<div class=\"image-box__inner\">\n\t\t\t<\/div>\n<\/div><\/div>\n<div class=\" col-xs-12 col-sm-8\">\n\t<p><strong>Poznaj nas lepiej!<\/strong><\/p><p>&nbsp;<\/p><p>Zobacz, jak pracowali\u015bmy nad tym projektem od koncepcji a\u017c po postprodukcj\u0119, poznaj ciekawostki z ca\u0142ego procesu produkcji, zajrzyj na nasz plan zdj\u0119ciowy, dowiedz si\u0119 z jakimi wyzwaniami si\u0119 mierzyli\u015bmy.<\/p><p>&nbsp;<\/p><p><span style=\"font-weight: 300;\">Ju\u017c ponad <\/span><strong>10 milion\u00f3w<\/strong><span style=\"font-weight: 300;\"><strong> unikalnych widz\u00f3w<\/strong> obejrza\u0142o kulisy naszej pracy i case studies naszych projekt\u00f3w.<\/span><\/p><p>&nbsp;<\/p><p><strong>Zapraszamy na nasz profil <a href=\"https:\/\/www.tiktok.com\/@mateuszjemiol\/video\/7301999618508803361?is_from_webapp=1&amp;sender_device=pc&amp;web_id=7312005360750839328\">Tik Tok - Mateusz Jemio\u0142<\/a>.<\/strong><\/p><\/div>\n<div class=\" col-xs-12 col-sm-12\">\n\t\t<div class=\"fw-divider-line\"><hr\/><\/div>\n\n<\/div><\/div>\n\n\n\t\t\t\t\t\n\t\t\t<\/div>\n\t\t\t\t\n\t<\/div>\n<div class=\"section section-lightgray section-2\"  style=\"background-image:url(http:\/\/movafilm.com\/wp-content\/uploads\/2019\/11\/tlo2.jpg);background-size:cover;background-repeat:no-repeat;\">\n\t\n\t\n\t\t\n\t\t\n\t\t\n\t\t\t\t<div class=\" container-middle\">\n\t\t\t\t\t<div class=\"container align-center\">\n\n\t\t\t\t\n\t\t\t\t\t<div class=\"row\">\n\t\n<div class=\" col-xs-12 col-sm-6 equal-cols\">\n\t\n<div class=\"content-box halign-center valign-center\">\n\t\n\t\t\t<h3 class=\"content-box__title theme-color\">Jeste\u015b ciekawy, ile&nbsp;kosztuje&nbsp;taki&nbsp;film?<\/h3>\n\t\n\t\n\t<\/div><\/div>\n<div class=\" col-xs-12 col-sm-6\">\n\t<div class=\"form-wrapper fw-contact-form contact-form\">\n\t<form data-fw-form-id=\"fw_form\" method=\"post\" action=\"https:\/\/movafilm.com\/pl\/wp-json\/wp\/v2\/pages\/4774\" class=\"fw_form_fw_form\" data-fw-ext-forms-type=\"contact-forms\"  ><input type=\"hidden\" name=\"fwf\" value=\"fw_form\" \/><input type=\"hidden\" id=\"_nonce_2fb406931cd5ce8e9ef8e350fe36c070\" name=\"_nonce_2fb406931cd5ce8e9ef8e350fe36c070\" value=\"5a3c47a179\" \/><input type=\"hidden\" name=\"_wp_http_referer\" value=\"\/pl\/wp-json\/wp\/v2\/pages\/4774\" \/><input type=\"hidden\" name=\"fw_ext_forms_form_type\" value=\"contact-forms\" \/><input type=\"hidden\" name=\"fw_ext_forms_form_id\" value=\"a0d8531f4a1796ae8efd95bd48ad2d9d\" \/><div class=\"wrap-forms\">\n\t<div class=\"row\"><div class=\"col-xs-12 col-sm-12 form-builder-item form-builder-item\">\n\t<div class=\"contact-info__title\">\n\t\t<h2>Zostaw nam sw\u00f3j adres e-mail<\/h2>\n\t\t\t\t\t<p>a my skontaktujemy si\u0119 z Tob\u0105 \ud83d\ude42<\/p>\n\t\t\t<\/div>\n<\/div><\/div><div class=\"row\"><div class=\"col-xs-12 col-sm-6 form-builder-item\">\n\t<div class=\"field-text\">\n\t\t\t\t<label for=\"id-1\">E-mail\t\t\t<sup>*<\/sup>\t\t<\/label>\n\t\t\t\t<input type=\"text\" name=\"email_bbd19ca\" placeholder=\"\" value=\"\" id=\"id-1\" required=\"required\" >\n\t\t\t<\/div>\n<\/div><\/div><\/div><div class=\"row\">\n\t<div class=\"col-xs-12 col-sm-12\">\n\t\t<button class=\"btn-a btn-a_fill_theme\">Wy\u015blij<\/button>\n\t<\/div>\n<\/div><\/form><\/div><\/div><\/div>\n\n\n\t\t\t\t\t\n\t\t\t<\/div>\n\t\t\t\t<\/div>\n\t\t\t\t\n\t<\/div>\n<\/p>\n","protected":false},"excerpt":{"rendered":"<p>Trzymaj gard\u0119 w obronie zwierz\u0105t Czyli kampania spo\u0142eczna z udzia\u0142em zawodnik\u00f3w sztuk walki dla Stowarzyszenia Otwarte Klatki Get It<\/p>\n","protected":false},"author":3,"featured_media":6926,"parent":3078,"menu_order":0,"comment_status":"closed","ping_status":"closed","template":"page-simple-no-header.php","meta":{"om_disable_all_campaigns":false,"_monsterinsights_skip_tracking":false,"_monsterinsights_sitenote_active":false,"_monsterinsights_sitenote_note":"","_monsterinsights_sitenote_category":0,"footnotes":""},"aioseo_notices":[],"_links":{"self":[{"href":"https:\/\/movafilm.com\/pl\/wp-json\/wp\/v2\/pages\/4774"}],"collection":[{"href":"https:\/\/movafilm.com\/pl\/wp-json\/wp\/v2\/pages"}],"about":[{"href":"https:\/\/movafilm.com\/pl\/wp-json\/wp\/v2\/types\/page"}],"author":[{"embeddable":true,"href":"https:\/\/movafilm.com\/pl\/wp-json\/wp\/v2\/users\/3"}],"replies":[{"embeddable":true,"href":"https:\/\/movafilm.com\/pl\/wp-json\/wp\/v2\/comments?post=4774"}],"version-history":[{"count":12,"href":"https:\/\/movafilm.com\/pl\/wp-json\/wp\/v2\/pages\/4774\/revisions"}],"predecessor-version":[{"id":7175,"href":"https:\/\/movafilm.com\/pl\/wp-json\/wp\/v2\/pages\/4774\/revisions\/7175"}],"up":[{"embeddable":true,"href":"https:\/\/movafilm.com\/pl\/wp-json\/wp\/v2\/pages\/3078"}],"wp:featuredmedia":[{"embeddable":true,"href":"https:\/\/movafilm.com\/pl\/wp-json\/wp\/v2\/media\/6926"}],"wp:attachment":[{"href":"https:\/\/movafilm.com\/pl\/wp-json\/wp\/v2\/media?parent=4774"}],"curies":[{"name":"wp","href":"https:\/\/api.w.org\/{rel}","templated":true}]}}